{"id":209,"date":"2012-08-09T20:18:39","date_gmt":"2012-08-09T23:18:39","guid":{"rendered":"http:\/\/www.colegiadodharmaparishad.net.br\/wp\/?page_id=209"},"modified":"2012-08-09T20:18:39","modified_gmt":"2012-08-09T23:18:39","slug":"manifesto","status":"publish","type":"page","link":"https:\/\/www.colegiadodharmaparishad.net.br\/?page_id=209","title":{"rendered":"MANIFESTO"},"content":{"rendered":"<p>N\u00f3s do colegiado de Yoga do Brasil Dharmaparishad queremos a auto regulamenta\u00e7\u00e3o e somos contr\u00e1rios \u00e0 estrutura\u00e7\u00e3o de qualquer organismo fiscalizat\u00f3rio, ligado \u00e0 burocracia p\u00fablica, com poderes de policia para disciplinar e fiscalizar uma doutrina filos\u00f3fico-religiosa. Cabe lembrar que o yoga como filosofia \u00e9 protegido pelo artigo 5\u00ba da Constitui\u00e7\u00e3o Federal, bem como seu aspecto de tradi\u00e7\u00e3o cultural, coberto no artigo 215\u00ba do mesmo texto. Entretanto as principais motiva\u00e7\u00f5es sobre nossa oposi\u00e7\u00e3o \u00e0 regulamenta\u00e7\u00e3o do yoga dentro de Conselhos corporativos, come\u00e7am dentro do \u00e2mbito de pensamento yogue. Abaixo seguem algumas considera\u00e7\u00f5es sobre esta posi\u00e7\u00e3o fundamentadas em princ\u00edpios que permeiam o Yoga, tirados do Bhagavad-Gita, tamb\u00e9m conhecido como o Yogashastra.<\/p>\n<ol>\n<li><strong>\u00c9 impr\u00f3prio do Yoga normatizar, regulamentar , restringir, excluir, delimitar<\/strong><br \/>\n&#8220;Quando sua mente tiver superado a confus\u00e3o do erro, as tramas da ilus\u00e3o, n\u00e3o te inquietar\u00e1s com os cuidados e quest\u00f5es a respeito das doutrinas, nem com as disputas sobre os ritos, cerimoniais e outros enfeites dispens\u00e1veis da vestimenta da id\u00e9ia espiritual&#8221;\u00a0(Bhagavad-Gita, capitulo 2, verso 52).<\/li>\n<li><strong>N\u00e3o \u00e9 pr\u00f3prio ao yogue fiscalizar e perseguir outro yogue<\/strong><br \/>\n&#8220;O yogui \u00e9 af\u00e1vel para com todos, com a mente e atitude igual para com todos, amigos ou inimigos, parentes ou n\u00e3o parentes, compatriotas ou estrangeiros, santos ou pecadores, bons ou maus&#8221;\u00a0(Bhagavad-Gita, capitulo VI, verso 9).<br \/>\n&#8220;A tranq\u00fciliza\u00e7\u00e3o de citta (mente) se demonstra pela amizade para com o feliz, compaix\u00e3o pelo sofredor, alegria com o virtuoso e indeferen\u00e7a para com os maus\u201d\u00a0(Yogasutras de Pata\u00f1jali, Samadhipada, sutra 33).<\/li>\n<li><strong>\u00c9 impr\u00f3prio do yogue a busca por direitos corporativos, cartoriais, reservas de mercado<\/strong><br \/>\n&#8220;Seja o motivo de tuas a\u00e7\u00f5es ou pensamentos sempre o cumprimento de teu dever, sem te preocupares com teu sucesso ou insucesso, com teu ganho ou prejuizo pessoal&#8221; (Bhagavad-Gita,\u00a0capitulo 2, verso 47).<br \/>\n\u201cEnleados nas teias do desejo, entregam-se \u00e0 vol\u00fapia, \u00e0 colera, prostituem suas mentes e seus sentimentos de justi\u00e7a, aspiram acumular de riquezas por meios injustos com o fim de satisfazer seus desejos materiais&#8221;(Bhagavad-Gita, capitulo XVI, verso 12)<\/li>\n<\/ol>\n<table width=\"200\" border=\"1\" align=\"center\">\n<tbody>\n<tr>\n<td height=\"158\">\n<p><div id=\"attachment_42\" style=\"width: 233px\" class=\"wp-caption aligncenter\"><a href=\"http:\/\/www.colegiadodharmaparishad.net.br\/wp\/?attachment_id=42\" rel=\"attachment wp-att-42\"><img loading=\"lazy\" decoding=\"async\" aria-describedby=\"caption-attachment-42\" class=\"size-full wp-image-42\" title=\"Dr. Ruy Alfredo de Bastos Freire Filho e o Deputado Federal Luiz Antonio Fleury\" src=\"http:\/\/www.colegiadodharmaparishad.net.br\/wp\/image\/p_ruyefleury.jpg\" alt=\"Dr. Ruy Alfredo de Bastos Freire Filho e o Deputado Federal Luiz Antonio Fleury\" width=\"223\" height=\"154\" \/><\/a><p id=\"caption-attachment-42\" class=\"wp-caption-text\">Dr. Ruy Alfredo de Bastos Freire Filho e o Deputado Federal Luiz Antonio Fleury<\/p><\/div><\/td>\n<td>\n<div align=\"center\">\n<div id=\"attachment_41\" style=\"width: 233px\" class=\"wp-caption aligncenter\"><a href=\"http:\/\/www.colegiadodharmaparishad.net.br\/wp\/?attachment_id=41\" rel=\"attachment wp-att-41\"><img loading=\"lazy\" decoding=\"async\" aria-describedby=\"caption-attachment-41\" class=\"size-full wp-image-41\" title=\"C\u00e2mara dos Deputados\" src=\"http:\/\/www.colegiadodharmaparishad.net.br\/wp\/image\/p_ruyeanna.jpg\" alt=\"C\u00e2mara dos Deputados\" width=\"223\" height=\"153\" \/><\/a><p id=\"caption-attachment-41\" class=\"wp-caption-text\">C\u00e2mara dos Deputados<\/p><\/div>\n<\/div>\n<\/td>\n<\/tr>\n<\/tbody>\n<\/table>\n<table border=\"1\" align=\"center\">\n<tbody>\n<tr>\n<td bgcolor=\"#66CCFF\" width=\"479\">\n<div align=\"center\"><span style=\"color: #023764; font-family: Arial, Helvetica, sans-serif; font-size: small;\"><span style=\"font-family: Arial, Helvetica, sans-serif; font-size: small;\"><strong><span style=\"color: #000000; font-size: medium;\">MOVIMENTO Y<\/span><\/strong><span style=\"color: #000000; font-size: medium;\"><strong>OGA LIVRE<\/strong><\/span><\/span><\/span><\/div>\n<\/td>\n<\/tr>\n<tr>\n<td>\n<div align=\"center\"><span style=\"color: #023764; font-family: Arial, Helvetica, sans-serif; font-size: small;\"><span style=\"font-family: Arial, Helvetica, sans-serif; font-size: small;\"><strong><span style=\"color: #000000;\">Luta contra o CONFEF\/CREF e contra a Profissionaliza\u00e7\u00e3o do Yoga<\/span><\/strong><\/span><\/span><\/div>\n<\/td>\n<\/tr>\n<\/tbody>\n<\/table>\n<h3>CONFEF\/CREF, a saber:<\/h3>\n<table border=\"1\" align=\"center\">\n<tbody>\n<tr>\n<td width=\"449\">\n<div style=\"text-align: left;\" align=\"center\"><span style=\"color: #023764; font-family: Arial, Helvetica, sans-serif; font-size: small;\"><span style=\"font-family: Arial, Helvetica, sans-serif; font-size: small;\"><strong><span style=\"color: #000000;\">&#8211;\u00a0<a href=\"http:\/\/www.colegiadodharmaparishad.net.br\/Forum_pela_Liberdade_de_Movimento.htm\" target=\"_blank\">F\u00f3rum pela Liberdade de Movimento<\/a><br \/>\n&#8211;\u00a0<a href=\"http:\/\/www.colegiadodharmaparishad.net.br\/Carta_do_ministro_Gilberto_Gil.htm\" target=\"_blank\">Carta do Ministro Gilberto Gil<\/a><br \/>\n&#8211;\u00a0<a href=\"http:\/\/www.colegiadodharmaparishad.net.br\/MINISTERIO_PUBLICO_X_CREF_SP.htm\" target=\"_blank\">Minist\u00e9rio P\u00fablico X CREF-SP<\/a><br \/>\n&#8211;\u00a0<a href=\"http:\/\/www.colegiadodharmaparishad.net.br\/SENTENCA_JUDICIAL_DETERMINA_FIM_DO_CREF.htm\" target=\"_blank\">Senten\u00e7a Judicial determina fim do CREF<\/a><br \/>\n&#8211;\u00a0<a href=\"http:\/\/www.colegiadodharmaparishad.net.br\/EXIGENCIA_DE_REGISTRO_DE_PROFISSIONAIS_CREF_porto_alegre.htm\" target=\"_blank\">Exig\u00eancia de Registro de Profissionais<\/a><br \/>\n&#8211;\u00a0<a href=\"http:\/\/www.colegiadodharmaparishad.net.br\/Agravo_de_Instrumento_contra_CREF_RJ.htm\" target=\"_blank\">Agravo de Instrumento contra CREF-RJ<\/a><br \/>\n<a href=\"http:\/\/www.colegiadodharmaparishad.net.br\/Decisao_autoriza_instrutora_de_ioga_a_atuar_sem_registro_no_CREF.htm\" target=\"_blank\">&#8211; Decis\u00e3o autoriza instrutora de ioga a atuar sem registro no CREF<\/a><\/span><span style=\"color: #023764; font-family: Arial, Helvetica, sans-serif; font-size: small;\"><span style=\"font-family: Arial, Helvetica, sans-serif; font-size: small;\"><strong><span style=\"color: #000000;\"><br \/>\n<a href=\"http:\/\/www.colegiadodharmaparishad.net.br\/JUSTICA_FEDERAL_CONDENA_O_CREF_POR_DANO_MORAL.htm\" target=\"_blank\">&#8211; Justi\u00e7a Federal condena o cref por dano moral<\/a><\/span><\/strong><\/span><\/span><\/strong><\/span><\/span><\/div>\n<\/td>\n<\/tr>\n<\/tbody>\n<\/table>\n<h3>MOVIMENTO YOGA LIVRE, a saber:<\/h3>\n<table border=\"1\" align=\"center\">\n<tbody>\n<tr>\n<td width=\"449\">\n<div style=\"text-align: left;\" align=\"center\"><span style=\"color: #023764; font-family: Arial, Helvetica, sans-serif; font-size: small;\"><span style=\"font-family: Arial, Helvetica, sans-serif; font-size: small;\"><strong><span style=\"color: #000000;\">&#8211;\u00a0<a href=\"http:\/\/www.colegiadodharmaparishad.net.br\/movimento_yoga_livre.htm\" target=\"_blank\">Movimento Yoga Livre<\/a><br \/>\n&#8211;\u00a0<a href=\"http:\/\/www.colegiadodharmaparishad.net.br\/PL_4680C_de_2001.htm\" target=\"_blank\">PL 4680C de 2001<\/a><br \/>\n&#8211;\u00a0<a href=\"http:\/\/www.colegiadodharmaparishad.net.br\/Nota_Tecnica_Senador_AUGUSTO_BOTELHO.htm\" target=\"_blank\">Nota T\u00e9cnica Senador AUGUSTO BOTELHO<\/a><br \/>\n&#8211;\u00a0<a href=\"http:\/\/www.colegiadodharmaparishad.net.br\/SUBSTITUTIVO_Romero_Juca.htm\" target=\"_blank\">Substitutivo Romero Juc\u00e1<\/a><br \/>\n&#8211;\u00a0<a href=\"http:\/\/www.colegiadodharmaparishad.net.br\/PARECER_Senador_Ney_Suassuna.htm\" target=\"_blank\">Parecer Senador Ney Suassuna<\/a><\/span><\/strong><\/span><\/span><\/div>\n<\/td>\n<\/tr>\n<\/tbody>\n<\/table>\n","protected":false},"excerpt":{"rendered":"<p>N\u00f3s do colegiado de Yoga do Brasil Dharmaparishad queremos a auto regulamenta\u00e7\u00e3o e somos contr\u00e1rios \u00e0 estrutura\u00e7\u00e3o de qualquer organismo fiscalizat\u00f3rio, ligado \u00e0 burocracia p\u00fablica, com poderes de policia para disciplinar e fiscalizar uma doutrina filos\u00f3fico-religiosa. Cabe lembrar que o &hellip; <a href=\"https:\/\/www.colegiadodharmaparishad.net.br\/?page_id=209\">Continue lendo <span class=\"meta-nav\">&rarr;<\/span><\/a><\/p>\n","protected":false},"author":1,"featured_media":0,"parent":207,"menu_order":1,"comment_status":"open","ping_status":"open","template":"","meta":{"footnotes":""},"class_list":["post-209","page","type-page","status-publish","hentry"],"jetpack_sharing_enabled":true,"_links":{"self":[{"href":"https:\/\/www.colegiadodharmaparishad.net.br\/index.php?rest_route=\/wp\/v2\/pages\/209","targetHints":{"allow":["GET"]}}],"collection":[{"href":"https:\/\/www.colegiadodharmaparishad.net.br\/index.php?rest_route=\/wp\/v2\/pages"}],"about":[{"href":"https:\/\/www.colegiadodharmaparishad.net.br\/index.php?rest_route=\/wp\/v2\/types\/page"}],"author":[{"embeddable":true,"href":"https:\/\/www.colegiadodharmaparishad.net.br\/index.php?rest_route=\/wp\/v2\/users\/1"}],"replies":[{"embeddable":true,"href":"https:\/\/www.colegiadodharmaparishad.net.br\/index.php?rest_route=%2Fwp%2Fv2%2Fcomments&post=209"}],"version-history":[{"count":1,"href":"https:\/\/www.colegiadodharmaparishad.net.br\/index.php?rest_route=\/wp\/v2\/pages\/209\/revisions"}],"predecessor-version":[{"id":210,"href":"https:\/\/www.colegiadodharmaparishad.net.br\/index.php?rest_route=\/wp\/v2\/pages\/209\/revisions\/210"}],"up":[{"embeddable":true,"href":"https:\/\/www.colegiadodharmaparishad.net.br\/index.php?rest_route=\/wp\/v2\/pages\/207"}],"wp:attachment":[{"href":"https:\/\/www.colegiadodharmaparishad.net.br\/index.php?rest_route=%2Fwp%2Fv2%2Fmedia&parent=209"}],"curies":[{"name":"wp","href":"https:\/\/api.w.org\/{rel}","templated":true}]}}